{"id":3251,"date":"2021-11-09T14:05:48","date_gmt":"2021-11-09T14:05:48","guid":{"rendered":"https:\/\/sailyachting.nl\/ihr-segelboot-vermieten\/"},"modified":"2024-07-02T11:46:58","modified_gmt":"2024-07-02T11:46:58","slug":"ihr-segelboot-vermieten","status":"publish","type":"page","link":"https:\/\/sailyachting.nl\/de\/ihr-segelboot-vermieten\/","title":{"rendered":"Ihr Segelboot vermieten?"},"content":{"rendered":"\t\t<div data-elementor-type=\"wp-page\" data-elementor-id=\"3251\" class=\"elementor elementor-3251 elementor-20\" data-elementor-post-type=\"page\">\n\t\t\t\t\t\t<section class=\"elementor-section elementor-top-section elementor-element elementor-element-304e7f44 elementor-section-boxed elementor-section-height-default elementor-section-height-default\" data-id=\"304e7f44\" data-element_type=\"section\" data-e-type=\"section\">\n\t\t\t\t\t\t<div class=\"elementor-container elementor-column-gap-default\">\n\t\t\t\t\t<div class=\"elementor-column elementor-col-100 elementor-top-column elementor-element elementor-element-5b0bbf77\" data-id=\"5b0bbf77\" data-element_type=\"column\" data-e-type=\"column\">\n\t\t\t<div class=\"elementor-widget-wrap elementor-element-populated\">\n\t\t\t\t\t\t<div class=\"elementor-element elementor-element-43d8f9af elementor-widget elementor-widget-text-editor\" data-id=\"43d8f9af\" data-element_type=\"widget\" data-e-type=\"widget\" data-widget_type=\"text-editor.default\">\n\t\t\t\t<div class=\"elementor-widget-container\">\n\t\t\t\t\t\t\t\t\t<div class=\"ql-block\" data-block-id=\"block-8292a2b0-d83d-4b5b-91a4-e9e73407feca\">Mit einem Segelboot Geld verdienen, das klingt wie eine Utopie. Aber es ist machbar! Alle Segelboote bei @Sail Yachting werden von uns vermietet, vor den Eigent\u00fcmern. Wir k\u00fcmmern uns um die Vermietung des Bootes, wir warten das Schiff und sorgen daf\u00fcr, dass es komplett abfahrbereit ist, wenn Sie selbst segeln wollen.<\/div>\n\t\t\t\t\t\t\t\t<\/div>\n\t\t\t\t<\/div>\n\t\t\t\t<div class=\"elementor-element elementor-element-7840c21 elementor-widget elementor-widget-button\" data-id=\"7840c21\" data-element_type=\"widget\" data-e-type=\"widget\" data-widget_type=\"button.default\">\n\t\t\t\t<div class=\"elementor-widget-container\">\n\t\t\t\t\t\t\t\t\t<div class=\"elementor-button-wrapper\">\n\t\t\t\t\t<a class=\"elementor-button elementor-button-link elementor-size-sm\" href=\"#offerte\">\n\t\t\t\t\t\t<span class=\"elementor-button-content-wrapper\">\n\t\t\t\t\t\t\t\t\t<span class=\"elementor-button-text\">Direkt ein Angebot anfordern<\/span>\n\t\t\t\t\t<\/span>\n\t\t\t\t\t<\/a>\n\t\t\t\t<\/div>\n\t\t\t\t\t\t\t\t<\/div>\n\t\t\t\t<\/div>\n\t\t\t\t<div class=\"elementor-element elementor-element-6344d7e elementor-widget elementor-widget-text-editor\" data-id=\"6344d7e\" data-element_type=\"widget\" data-e-type=\"widget\" data-widget_type=\"text-editor.default\">\n\t\t\t\t<div class=\"elementor-widget-container\">\n\t\t\t\t\t\t\t\t\t<h2 class=\"ql-block\" data-block-id=\"block-8292a2b0-d83d-4b5b-91a4-e9e73407feca\"><span style=\"color: var( --e-global-color-text ); font-family: var( --e-global-typography-56c4432-font-family ), Helvetica, Trebuchet, Sans-serif; font-size: var( --e-global-typography-56c4432-font-size ); font-weight: var( --e-global-typography-56c4432-font-weight ); letter-spacing: var( --e-global-typography-56c4432-letter-spacing ); word-spacing: var( --e-global-typography-56c4432-word-spacing );\">Welche Vorteile hat die Vermietung Ihres Segelbootes?<\/span><\/h2>\n<h3 class=\"ql-heading\" data-block-id=\"block-1172181e-058f-4a46-b436-deb472b341df\">Keine Wartungskosten<\/h3>\n<div class=\"ql-block\" data-block-id=\"block-3e653bbb-0753-4d6d-9959-24ae1eebb54a\">Als Segelbooteigner wissen Sie, dass die j\u00e4hrliche Wartung eine ganze Menge kosten kann, w\u00e4hrend das Boot die meisten Monate des Jahres ungenutzt in seiner Box liegt. Wie ideal ist es, wenn sie in der Zeit, in der Sie sie nicht selbst nutzen, Geld f\u00fcr Sie verdienen kann?<\/div>\n<div class=\"ql-block\" data-block-id=\"block-7e925b08-82d8-4e73-b319-51c82ad01949\">&nbsp;<\/div>\n<div class=\"ql-block\" data-block-id=\"block-cc4b93c0-a1cc-4a0e-8892-385f3e4d5070\">Wenn Sie das Schiff vermieten, k\u00f6nnen Sie die j\u00e4hrlichen Kosten wieder hereinholen und haben am Ende des Jahres m\u00f6glicherweise einen erheblichen Geldbetrag \u00fcbrig. Wir haben sogar Eigent\u00fcmer, die mehrere Boote von uns mieten, als nette zus\u00e4tzliche Einnahmequelle.<\/div>\n<div class=\"ql-block\" data-block-id=\"block-a8b3a7f8-c1ba-44d6-989a-42998091b6ef\">&nbsp;<\/div>\n<h3 class=\"ql-heading\" data-block-id=\"block-6824069a-89b6-41e8-9f85-f26ce3419012\">Ihr Boot ist immer in tipptopp Zustand<\/h3>\n<div class=\"ql-block\" data-block-id=\"block-beb708b4-39d9-413b-8cad-35cd8c2d2ee5\">Wenn Sie Ihr Segelboot bei uns mieten, sorgen wir daf\u00fcr, dass es immer in einem Top-Zustand ist. Nat\u00fcrlich verschlei\u00dfen Teile w\u00e4hrend des Gebrauchs. Wir ersetzen diese Teile sofort. Die G\u00e4ste, die mit Ihrem Boot segeln, erhalten also immer ein gut gewartetes und sauberes Boot. Und ein zus\u00e4tzlicher Vorteil f\u00fcr Sie als Eigner: Wenn Sie selbst segeln wollen, m\u00fcssen Sie nicht erst die Wartung durchf\u00fchren. Steigen Sie ein und fahren Sie los!<\/div>\n<div class=\"ql-block\" data-block-id=\"block-adf47671-e3cf-497e-afee-0ba31367f21b\">&nbsp;<\/div>\n<h3 class=\"ql-heading\" data-block-id=\"block-452477c9-b864-4d19-bd4a-23081ddc37ce\">Verwandeln Sie Ihr Schiff in einen profitablen Verm\u00f6genswert<\/h3>\n<div class=\"ql-block\" data-block-id=\"block-4940423e-a149-4c02-89da-8eccfa29cceb\">Sie kennen wahrscheinlich das Sprichwort &#8220;Ein Boot ist ein Loch im Wasser, in das man Geld wirft&#8221;. &#8211; Dies mag auf das durchschnittliche Boot zutreffen, das nur an Wert verliert. Aber nicht, wenn Sie Ihr Schiff vermieten. <a href=\"#offerte\">\n  <span class=\"ql-bg-orange\">Ein Angebot anfordern<\/span>\n<\/a> und finden Sie heraus, wie hoch der erwartete Ertrag f\u00fcr Ihr Schiff ist.<\/div>\n<div class=\"ql-block\" data-block-id=\"block-487eb7ba-f746-48e7-b401-dbee9e1888ae\">&nbsp;<\/div>\n<h2>Warum \u00fcber @Sail Yachting mieten?<\/h2>\n<div class=\"ql-block\" data-block-id=\"block-842924b6-dbd4-49f2-bd48-19aa0255ce75\">Eines der am besten bewerteten Charterunternehmen in den Niederlanden, mit 5\/5 Sternen auf Google. Eine attraktive Lage am IJsselmeer und ein luxuri\u00f6ser Jachthafen mit gro\u00dfartigen Einrichtungen. @Sail Yachting ist der beste Ort, um Ihr Segelboot zu vermieten.<\/div>\n<h3 class=\"ql-heading\" data-block-id=\"block-e9e2bd91-ae19-481c-bd8a-bc636435ac7d\">Flexibel und pers\u00f6nlich<\/h3>\n<div class=\"ql-block\" data-block-id=\"block-178ea4f3-7c5b-42b2-8659-f110afccf8cf\">@Sail Yachting ist nicht Teil einer gro\u00dfen Buchungsagentur. Dadurch sind wir pers\u00f6nlich, ansprechbar und leicht zu erreichen. Da wir von gro\u00dfen Parteien unabh\u00e4ngig sind, sind wir auch flexibel. Wenn Sie spezielle W\u00fcnsche haben, die nicht in den B\u00fcchern stehen, ist das f\u00fcr uns kein Problem. Beim Segeln geht es darum, Spa\u00df zu haben und sich zu am\u00fcsieren. Das ist bei jedem anders, und wir helfen Ihnen gerne dabei, das Beste aus Ihrem Segelboot herauszuholen &#8211; auf Ihre Weise.<\/div>\n<h3 class=\"ql-heading\" data-block-id=\"block-b2488618-3b40-474c-b983-398125af54ca\">Keine obligatorische Verf\u00fcgbarkeit in der Hochsaison<\/h3>\n<div class=\"ql-block\" data-block-id=\"block-56acc683-45b2-428d-bc95-00eab2e47787\">M\u00f6chten Sie an den sch\u00f6nsten Tagen des Jahres selbst segeln? Im Gegensatz zu vielen anderen Charterunternehmen ist dies bei @Sail Yachting problemlos m\u00f6glich. Der einzige Nachteil f\u00fcr Sie ist, dass das Boot in diesem Jahr weniger Ertrag bringt. Wenn Sie sich dessen bewusst sind und es akzeptieren, st\u00f6rt es uns nicht, wenn Sie das Boot selbst mitbringen. Wir bitten jedoch darum, dies immer in Absprache zu tun, um Doppelbuchungen zu vermeiden.<\/div>\n<h3 class=\"ql-heading\" data-block-id=\"block-46de257c-ad3d-4784-aecd-979a1d61f9ac\">Strenge Anforderungen an die nachgewiesene Erfahrung von Mietern<\/h3>\n<div class=\"ql-block\" data-block-id=\"block-f02676ef-1eac-4ce8-bd16-b1257c44a73f\">Wir tun alles daf\u00fcr, dass Ihr Segelboot gut gepflegt wird. Deshalb stellen wir Anforderungen an die Erfahrung der Segler, wenn sie Ihr Boot \u00fcbernehmen. Wir erwarten von den Seglern, dass sie nachweisen k\u00f6nnen, dass sie in der Lage sind, Ihr Boot zu steuern. Im Zweifelsfall werden wir die Anmietung ablehnen.<\/div>\n<h3 class=\"ql-heading\" data-block-id=\"block-41620483-571a-461a-83a5-792fef4cacf3\">Attraktive Gewinnbeteiligung<\/h3>\n<div class=\"ql-block\" data-block-id=\"block-91a2eea6-59e5-4204-b2d2-0b3e8212984c\">Sie verdienen an Ihrem Boot, das ist unser Ziel. Nach Abzug der j\u00e4hrlichen Wartungskosten, der Liegeplatzgeb\u00fchren und unserer Provision f\u00fcr die erbrachten Dienstleistungen bleibt ein attraktiver Betrag \u00fcbrig. Um einen realistischen Kostenvoranschlag machen zu k\u00f6nnen, ist es am besten, <span class=\"ql-bg-orange\">einen unverbindlichen Kostenvoranschlag anzufordern<\/span>.<\/div>\n<div class=\"ql-block\" data-block-id=\"block-ff05b6d0-7397-4086-af14-af838634e1b8\">&nbsp;<\/div>\n<h2 class=\"ql-heading\" data-block-id=\"block-9d114d6f-6214-4a9b-902c-6ee68445e925\">F\u00fcr wen ist ein Segelboot zu mieten?<\/h2>\n<div class=\"ql-block\" data-block-id=\"block-b9798d0c-498f-4c7f-bcd7-25d08c452535\">@Sail Yachting ist bekannt f\u00fcr qualitativ hochwertige, moderne Segelboote, die gut ausgestattet sind. Der Wohnkomfort w\u00e4hrend und nach dem Segeln ist von gr\u00f6\u00dfter Bedeutung. Eine gut ausgestattete Komb\u00fcse, viel Schlafplatz,&nbsp; und Bedienungskomfort sind wichtig.<\/div>\n<div class=\"ql-block\" data-block-id=\"block-5138ea16-1c1b-4d7c-a849-5d9263bc3723\">&nbsp;<\/div>\n<h3 class=\"ql-block\" data-block-id=\"block-eb3a632c-6844-4060-a58d-a949ff84bd88\"><strong>Wir haben eine Reihe von Anforderungen an die Segelboote, die wir zur Vermietung annehmen:<\/strong><\/h3>\n<ol>\n<li>Das Schiff darf nicht \u00e4lter als 15 Jahre sein;<\/li>\n<li>Das Schiff ist modern und komplett ausgestattet mit:\n<ol>\n<li>eine Komb\u00fcse mit Ofen und K\u00fchlschrank<\/li>\n<li>gute Navigations- und Kommunikationsmittel<\/li>\n<li>eine saubere und aufger\u00e4umte Innenausstattung.<\/li>\n<\/ol>\n<\/li>\n<li>Es handelt sich um ein Polyesterschiff mit \u00e4hnlichen Merkmalen wie die Yachten von Bavaria und Hanse. Das hei\u00dft aber nicht, dass wir nur diese Marken akzeptieren!<\/li>\n<li>Sie sollten sich mit der Tatsache anfreunden, dass andere Ihr Schiff steuern. Unf\u00e4lle k\u00f6nnen passieren. Das wird immer professionell repariert, aber Sie m\u00fcssen sich darauf einstellen, dass das passieren kann.<\/li>\n<li>Das Schiff weicht nicht zu sehr von der Vorlage ab, d.h. es wurden keine Besonderheiten hinzugef\u00fcgt, die f\u00fcr andere Segler erkl\u00e4rungsbed\u00fcrftig sind;<\/li>\n<\/ol>\n<div class=\"ql-block\" data-block-id=\"block-f96b3022-a5b1-4276-a5ed-5d48e1cec807\">&nbsp;<\/div>\n<div class=\"ql-block\" data-block-id=\"block-f4b71f1a-c8ed-4600-87e3-539bdc115cdc\">Wenn Sie sich in der obigen Beschreibung wiedererkennen, dann freuen wir uns darauf, mit Ihnen \u00fcber die Vermietung Ihres Segelbootes zu sprechen. Wenn Sie weitere Fragen haben, k\u00f6nnen Sie uns gerne eine E-Mail schicken oder anrufen.<\/div>\n<h2 class=\"ql-heading\" data-block-id=\"block-0020a244-b191-4111-a7be-63bcd179bd52\">Erste Schritte zur Vermietung Ihres Segelbootes<\/h2>\n<div class=\"ql-block\" data-block-id=\"block-ea8116d3-941e-4eff-a057-6ae1a0416ad2\">Fordern Sie unten ein unverbindliches Angebot an, und wir werden uns mit Ihnen in Verbindung setzen, um Ihr Boot zu besprechen. Sie werden wahrscheinlich viele Fragen haben, die wir gerne mit Ihnen besprechen. Die Inanspruchnahme dieses Angebots ist mit keinerlei Verpflichtungen verbunden.<\/div>\t\t\t\t\t\t\t\t<\/div>\n\t\t\t\t<\/div>\n\t\t\t\t\t<\/div>\n\t\t<\/div>\n\t\t\t\t\t<\/div>\n\t\t<\/section>\n\t\t\t\t<section class=\"elementor-section elementor-top-section elementor-element elementor-element-2e5d612 elementor-section-boxed elementor-section-height-default elementor-section-height-default\" data-id=\"2e5d612\" data-element_type=\"section\" data-e-type=\"section\">\n\t\t\t\t\t\t<div class=\"elementor-container elementor-column-gap-default\">\n\t\t\t\t\t<div class=\"elementor-column elementor-col-100 elementor-top-column elementor-element elementor-element-98d2be9\" data-id=\"98d2be9\" data-element_type=\"column\" data-e-type=\"column\">\n\t\t\t<div class=\"elementor-widget-wrap elementor-element-populated\">\n\t\t\t\t\t\t<div class=\"elementor-element elementor-element-378649e elementor-button-align-start elementor-widget elementor-widget-form\" data-id=\"378649e\" data-element_type=\"widget\" data-e-type=\"widget\" id=\"offerte\" data-settings=\"{&quot;step_next_label&quot;:&quot;Next&quot;,&quot;step_previous_label&quot;:&quot;Previous&quot;,&quot;button_width&quot;:&quot;100&quot;,&quot;step_type&quot;:&quot;number_text&quot;,&quot;step_icon_shape&quot;:&quot;circle&quot;}\" data-widget_type=\"form.default\">\n\t\t\t\t<div class=\"elementor-widget-container\">\n\t\t\t\t\t\t\t<form class=\"elementor-form\" method=\"post\" name=\"Segeltraining\" aria-label=\"Segeltraining\">\n\t\t\t<input type=\"hidden\" name=\"post_id\" value=\"3251\"\/>\n\t\t\t<input type=\"hidden\" name=\"form_id\" value=\"378649e\"\/>\n\t\t\t<input type=\"hidden\" name=\"referer_title\" value=\"\" \/>\n\n\t\t\t\n\t\t\t<div class=\"elementor-form-fields-wrapper elementor-labels-above\">\n\t\t\t\t\t\t\t\t<div class=\"elementor-field-type-text elementor-field-group elementor-column elementor-field-group-field_38ff8e1 elementor-col-60\">\n\t\t\t\t\t\t\t\t\t\t\t\t<label for=\"form-field-field_38ff8e1\" class=\"elementor-field-label\">\n\t\t\t\t\t\t\t\tBootsmarke und -typ\t\t\t\t\t\t\t<\/label>\n\t\t\t\t\t\t\t\t\t\t\t\t\t\t<input size=\"1\" type=\"text\" name=\"form_fields[field_38ff8e1]\" id=\"form-field-field_38ff8e1\" class=\"elementor-field elementor-size-sm  elementor-field-textual\" placeholder=\"Zum Beispiel. Bavaria Kreuzfahrtschiff 37\">\n\t\t\t\t\t\t\t\t\t\t\t<\/div>\n\t\t\t\t\t\t\t\t<div class=\"elementor-field-type-number elementor-field-group elementor-column elementor-field-group-field_e5fa6dd elementor-col-40 elementor-field-required elementor-mark-required\">\n\t\t\t\t\t\t\t\t\t\t\t\t<label for=\"form-field-field_e5fa6dd\" class=\"elementor-field-label\">\n\t\t\t\t\t\t\t\tBaujahr\t\t\t\t\t\t\t<\/label>\n\t\t\t\t\t\t\t\t\t<input type=\"number\" name=\"form_fields[field_e5fa6dd]\" id=\"form-field-field_e5fa6dd\" class=\"elementor-field elementor-size-sm  elementor-field-textual\" placeholder=\"z.B. 2016\" required=\"required\" min=\"1900\" max=\"2030\" >\n\t\t\t\t\t\t<\/div>\n\t\t\t\t\t\t\t\t<div class=\"elementor-field-type-text elementor-field-group elementor-column elementor-field-group-naam elementor-col-50 elementor-field-required elementor-mark-required\">\n\t\t\t\t\t\t\t\t\t\t\t\t<label for=\"form-field-naam\" class=\"elementor-field-label\">\n\t\t\t\t\t\t\t\tname\t\t\t\t\t\t\t<\/label>\n\t\t\t\t\t\t\t\t\t\t\t\t\t\t<input size=\"1\" type=\"text\" name=\"form_fields[naam]\" id=\"form-field-naam\" class=\"elementor-field elementor-size-sm  elementor-field-textual\" placeholder=\"Geben Sie hier Ihren Namen ein\" required=\"required\">\n\t\t\t\t\t\t\t\t\t\t\t<\/div>\n\t\t\t\t\t\t\t\t<div class=\"elementor-field-type-text elementor-field-group elementor-column elementor-field-group-telefoon elementor-col-50 elementor-field-required elementor-mark-required\">\n\t\t\t\t\t\t\t\t\t\t\t\t<label for=\"form-field-telefoon\" class=\"elementor-field-label\">\n\t\t\t\t\t\t\t\tTelefoon\t\t\t\t\t\t\t<\/label>\n\t\t\t\t\t\t\t\t\t\t\t\t\t\t<input size=\"1\" type=\"text\" name=\"form_fields[telefoon]\" id=\"form-field-telefoon\" class=\"elementor-field elementor-size-sm  elementor-field-textual\" placeholder=\"Bitte geben Sie Ihre Telefonnummer ein.\" required=\"required\">\n\t\t\t\t\t\t\t\t\t\t\t<\/div>\n\t\t\t\t\t\t\t\t<div class=\"elementor-field-type-email elementor-field-group elementor-column elementor-field-group-email elementor-col-100 elementor-field-required elementor-mark-required\">\n\t\t\t\t\t\t\t\t\t\t\t\t<label for=\"form-field-email\" class=\"elementor-field-label\">\n\t\t\t\t\t\t\t\tE-Mail-Addresse\t\t\t\t\t\t\t<\/label>\n\t\t\t\t\t\t\t\t\t\t\t\t\t\t<input size=\"1\" type=\"email\" name=\"form_fields[email]\" id=\"form-field-email\" class=\"elementor-field elementor-size-sm  elementor-field-textual\" placeholder=\"Bitte geben Sie hier Ihre E-Mail Adresse ein\" required=\"required\">\n\t\t\t\t\t\t\t\t\t\t\t<\/div>\n\t\t\t\t\t\t\t\t<div class=\"elementor-field-type-textarea elementor-field-group elementor-column elementor-field-group-field_83c71cb elementor-col-100\">\n\t\t\t\t\t\t\t\t\t\t\t\t<label for=\"form-field-field_83c71cb\" class=\"elementor-field-label\">\n\t\t\t\t\t\t\t\tZus\u00e4tzliche Informationen\t\t\t\t\t\t\t<\/label>\n\t\t\t\t\t\t<textarea class=\"elementor-field-textual elementor-field  elementor-size-sm\" name=\"form_fields[field_83c71cb]\" id=\"form-field-field_83c71cb\" rows=\"4\" placeholder=\"F\u00fcgen Sie hier weitere Informationen hinzu.\"><\/textarea>\t\t\t\t<\/div>\n\t\t\t\t\t\t\t\t<div class=\"elementor-field-type-recaptcha_v3 elementor-field-group elementor-column elementor-field-group-field_6265d5b elementor-col-100 recaptcha_v3-inline\">\n\t\t\t\t\t<div class=\"elementor-field\" id=\"form-field-field_6265d5b\"><div class=\"elementor-g-recaptcha\" data-sitekey=\"6Ld3YaYmAAAAAEL2HFWU4UzPN681PlTvd-RgUrGG\" data-type=\"v3\" data-action=\"Form\" data-badge=\"inline\" data-size=\"invisible\"><\/div><\/div>\t\t\t\t<\/div>\n\t\t\t\t\t\t\t\t<div class=\"elementor-field-group elementor-column elementor-field-type-submit elementor-col-100 e-form__buttons\">\n\t\t\t\t\t<button class=\"elementor-button elementor-size-sm\" type=\"submit\">\n\t\t\t\t\t\t<span class=\"elementor-button-content-wrapper\">\n\t\t\t\t\t\t\t\t\t\t\t\t\t\t\t\t\t\t\t\t\t\t<span class=\"elementor-button-text\">Anfrage senden<\/span>\n\t\t\t\t\t\t\t\t\t\t\t\t\t<\/span>\n\t\t\t\t\t<\/button>\n\t\t\t\t<\/div>\n\t\t\t<\/div>\n\t\t<\/form>\n\t\t\t\t\t\t<\/div>\n\t\t\t\t<\/div>\n\t\t\t\t\t<\/div>\n\t\t<\/div>\n\t\t\t\t\t<\/div>\n\t\t<\/section>\n\t\t\t\t<\/div>\n\t\t","protected":false},"excerpt":{"rendered":"<p>Mit einem Segelboot Geld verdienen, das klingt wie eine Utopie. Aber es ist machbar! Alle Segelboote bei @Sail Yachting werden von uns vermietet, vor den Eigent\u00fcmern. Wir k\u00fcmmern uns um die Vermietung des Bootes, wir warten das Schiff und sorgen daf\u00fcr, dass es komplett abfahrbereit ist, wenn Sie selbst segeln wollen. Direkt ein Angebot anfordern [&hellip;]<\/p>\n","protected":false},"author":1,"featured_media":3578,"parent":0,"menu_order":0,"comment_status":"closed","ping_status":"closed","template":"","meta":{"footnotes":""},"class_list":["post-3251","page","type-page","status-publish","has-post-thumbnail","hentry"],"_links":{"self":[{"href":"https:\/\/sailyachting.nl\/de\/wp-json\/wp\/v2\/pages\/3251","targetHints":{"allow":["GET"]}}],"collection":[{"href":"https:\/\/sailyachting.nl\/de\/wp-json\/wp\/v2\/pages"}],"about":[{"href":"https:\/\/sailyachting.nl\/de\/wp-json\/wp\/v2\/types\/page"}],"author":[{"embeddable":true,"href":"https:\/\/sailyachting.nl\/de\/wp-json\/wp\/v2\/users\/1"}],"replies":[{"embeddable":true,"href":"https:\/\/sailyachting.nl\/de\/wp-json\/wp\/v2\/comments?post=3251"}],"version-history":[{"count":3,"href":"https:\/\/sailyachting.nl\/de\/wp-json\/wp\/v2\/pages\/3251\/revisions"}],"predecessor-version":[{"id":3700,"href":"https:\/\/sailyachting.nl\/de\/wp-json\/wp\/v2\/pages\/3251\/revisions\/3700"}],"wp:featuredmedia":[{"embeddable":true,"href":"https:\/\/sailyachting.nl\/de\/wp-json\/wp\/v2\/media\/3578"}],"wp:attachment":[{"href":"https:\/\/sailyachting.nl\/de\/wp-json\/wp\/v2\/media?parent=3251"}],"curies":[{"name":"wp","href":"https:\/\/api.w.org\/{rel}","templated":true}]}}