{"id":3101,"date":"2021-11-09T13:56:37","date_gmt":"2021-11-09T13:56:37","guid":{"rendered":"https:\/\/sailyachting.nl\/datenschutzbestimmungen\/"},"modified":"2021-11-09T13:56:37","modified_gmt":"2021-11-09T13:56:37","slug":"datenschutzbestimmungen","status":"publish","type":"page","link":"https:\/\/sailyachting.nl\/de\/datenschutzbestimmungen\/","title":{"rendered":"Datenschutzbestimmungen"},"content":{"rendered":"<p><strong>@Sail Yachting, mit Sitz in der Suderseleane 25a, 8711 GX in Workum, ist verantwortlich f\u00fcr die Verarbeitung der in dieser Datenschutzerkl\u00e4rung beschriebenen personenbezogenen Daten.<\/strong><\/p>\n<p><strong>Kontaktdaten:<\/strong><\/p>\n<blockquote class=\"wp-embedded-content\" data-secret=\"eRAT4GrZ3n\"><p><a href=\"https:\/\/sailyachting.nl\/de\/\">Home<\/a><\/p><\/blockquote>\n<p><iframe class=\"wp-embedded-content\" sandbox=\"allow-scripts\" security=\"restricted\" style=\"position: absolute; clip: rect(1px, 1px, 1px, 1px);\" title=\"&#8222;Home&#8220; &#8212; @Sail Yachting\" src=\"https:\/\/sailyachting.nl\/de\/embed\/#?secret=a2w3ceuYk0#?secret=eRAT4GrZ3n\" data-secret=\"eRAT4GrZ3n\" width=\"600\" height=\"338\" frameborder=\"0\" marginwidth=\"0\" marginheight=\"0\" scrolling=\"no\"><\/iframe><br \/>\nSuderseleane 25a, 8711 GX in Workum<br \/>\n+31(0)515542292<br \/>\nMichiel van Kesteren ist der Datenschutzbeauftragte von @Sail Yachting. Sie erreichen ihn unter info@sailyachting.nl.<\/p>\n<p><strong>Personenbezogene Daten, die wir verarbeiten<\/strong><br \/>\n@Sail Yachting verarbeitet Ihre personenbezogenen Daten, weil Sie unsere Dienste in Anspruch nehmen und\/oder weil Sie uns diese Daten selbst zur Verf\u00fcgung stellen.<\/p>\n<p><strong>Nachstehend finden Sie einen \u00dcberblick \u00fcber die von uns verarbeiteten personenbezogenen Daten:<\/strong><br \/>\n&#8211; Vorname und Nachname<br \/>\n&#8211; Adressdaten<br \/>\n&#8211; Telefon Nummer<br \/>\n&#8211; E-Mail Adresse<\/p>\n<p><strong>Besondere und\/oder sensible personenbezogene Daten, die wir verarbeiten<\/strong><br \/>\nUnsere Website und\/oder unser Dienst hat nicht die Absicht, Daten von Website-Besuchern zu sammeln, die unter 16 Jahre alt sind. Es sei denn, sie haben die Erlaubnis der Eltern oder Erziehungsberechtigten. Wir k\u00f6nnen jedoch nicht \u00fcberpr\u00fcfen, ob ein Besucher \u00fcber 16 Jahre alt ist. Wir empfehlen daher, die Eltern in die Online-Aktivit\u00e4ten ihrer Kinder einzubeziehen, um zu verhindern, dass Daten \u00fcber Kinder ohne elterliche Zustimmung gesammelt werden. Wenn Sie davon \u00fcberzeugt sind, dass wir personenbezogene Daten \u00fcber einen Minderj\u00e4hrigen ohne eine solche Zustimmung gesammelt haben, wenden Sie sich bitte an info@sailyachting.nl, und wir werden diese Informationen l\u00f6schen.<\/p>\n<p><strong>Zu welchem Zweck und auf welcher Grundlage verarbeiten wir personenbezogene Daten?<\/strong><br \/>\n@Sail Yachting verarbeitet Ihre personenbezogenen Daten f\u00fcr die folgenden Zwecke:<br \/>\n&#8211; Bearbeitung Ihrer Zahlung<br \/>\n&#8211; Versenden unseres Newsletters<br \/>\n&#8211; Um Sie anrufen oder Ihnen eine E-Mail schicken zu k\u00f6nnen, wenn dies f\u00fcr die Erbringung unserer Dienstleistungen erforderlich ist<br \/>\n&#8211; Um Sie \u00fcber \u00c4nderungen an unseren Dienstleistungen und Produkten zu informieren<br \/>\n&#8211; um Ihnen Waren und Dienstleistungen zu liefern<br \/>\n&#8211; @Sail Yachting verarbeitet auch personenbezogene Daten, wenn wir gesetzlich dazu verpflichtet sind, wie z. B. Daten, die wir f\u00fcr unsere Steuererkl\u00e4rung ben\u00f6tigen.<\/p>\n<p><strong>Wie lange wir personenbezogene Daten aufbewahren<\/strong><\/p>\n<p>@Sail Yachting speichert Ihre personenbezogenen Daten nicht l\u00e4nger als unbedingt erforderlich, um die Zwecke zu erf\u00fcllen, f\u00fcr die Ihre Daten erhoben wurden. Wir wenden die folgenden Aufbewahrungsfristen f\u00fcr die folgenden (Kategorien) von personenbezogenen Daten an:<\/p>\n<p>&#8211; Rechnungsdaten f\u00fcr unsere Aufbewahrungspflicht gegen\u00fcber den Finanzbeh\u00f6rden: 7 Jahre<\/p>\n<p><strong>Weitergabe von personenbezogenen Daten an Dritte<\/strong><\/p>\n<p>@Sail Yachting verkauft Ihre Daten nicht an Dritte und stellt sie nur dann zur Verf\u00fcgung, wenn dies f\u00fcr die Ausf\u00fchrung unserer Vereinbarung mit Ihnen oder zur Erf\u00fcllung einer gesetzlichen Verpflichtung erforderlich ist. Wir haben mit Unternehmen, die Ihre Daten in unserem Auftrag verarbeiten, eine Vereinbarung \u00fcber die Verarbeitung abgeschlossen, um das gleiche Ma\u00df an Sicherheit und Vertraulichkeit f\u00fcr Ihre Daten zu gew\u00e4hrleisten. @Sail Yachting bleibt f\u00fcr diese Verarbeitung verantwortlich. Wir verwenden keine externen Tracker, um Ihren Besuch zu verfolgen. Ihr Besuch auf dieser Website ist daher sicher und anonym, bis Sie sich entscheiden, eine Buchung vorzunehmen, uns zu kontaktieren oder eines unserer Kontaktformulare auszuf\u00fcllen.<\/p>\n<p><strong>Cookies oder \u00e4hnliche Technologien, die wir verwenden<\/strong><br \/>\n@Sail Yachting verwendet nur technische und funktionale Cookies. Und analytische Cookies, die Ihre Privatsph\u00e4re nicht verletzen. Ein Cookie ist eine kleine Textdatei, die auf Ihrem Computer, Tablet oder Smartphone gespeichert wird, wenn Sie diese Website zum ersten Mal besuchen. Die von uns verwendeten Cookies sind f\u00fcr den technischen Betrieb der Website und Ihre Benutzerfreundlichkeit notwendig. Sie sorgen daf\u00fcr, dass die Website ordnungsgem\u00e4\u00df funktioniert und speichern beispielsweise Ihre Pr\u00e4ferenzen. Es erm\u00f6glicht uns auch, unsere Website zu optimieren. Sie k\u00f6nnen Cookies ablehnen, indem Sie Ihren Internet-Browser so einstellen, dass er keine Cookies mehr speichert. Dar\u00fcber hinaus k\u00f6nnen Sie alle zuvor gespeicherten Informationen \u00fcber Ihre Browsereinstellungen l\u00f6schen.<\/p>\n<p><strong>Anonyme Analyse der Besuche \u00fcber Matomo Analyticsstrong, wpml_linebreak<br \/>\n<\/strong>Wir verwenden Matomo Analytics, um die Besuche auf unserer Website zu analysieren. Dies geschieht v\u00f6llig anonym: Ihr Besuch kann nicht auf Sie als Person zur\u00fcckgef\u00fchrt werden.[matomo_opt_out]<\/p>\n<p><strong>Einsehen, \u00c4ndern oder L\u00f6schen von Daten <\/strong><br \/>\nSie haben das Recht auf Zugang, Berichtigung oder L\u00f6schung Ihrer personenbezogenen Daten. Sie haben auch das Recht, Ihre eventuelle Zustimmung zur Datenverarbeitung zu widerrufen oder der Verarbeitung Ihrer personenbezogenen Daten durch @Sail Yachting zu widersprechen, und Sie haben das Recht auf Daten\u00fcbertragbarkeit. Das bedeutet, dass Sie uns auffordern k\u00f6nnen, die personenbezogenen Daten, die wir \u00fcber Sie in einer Computerdatei gespeichert haben, an Sie oder eine andere von Ihnen benannte Organisation zu senden.<\/p>\n<p>Sie k\u00f6nnen einen Antrag auf Auskunft, Berichtigung, L\u00f6schung oder \u00c4nderung der Daten, auf Widerruf Ihrer Einwilligung oder auf Widerspruch gegen die Verarbeitung Ihrer personenbezogenen Daten an info@sailyachting.nl senden.<\/p>\n<p>Um sicherzustellen, dass der Antrag auf Einsichtnahme von Ihnen gestellt wird, f\u00fcgen Sie dem Antrag bitte eine Kopie Ihres Identit\u00e4tsnachweises bei. Achten Sie bitte darauf, dass Ihr Passfoto, die MRZ (maschinenlesbare Zone), die Passnummer und die B\u00fcrgerservicenummer (BSN) in dieser Kopie schwarz sind. Dies dient dem Schutz Ihrer Privatsph\u00e4re. Wir werden Ihre Anfrage so schnell wie m\u00f6glich, jedoch innerhalb von vier Wochen beantworten.<\/p>\n<p>@Sail Yachting m\u00f6chte Sie auch darauf hinweisen, dass Sie die M\u00f6glichkeit haben, bei der nationalen Aufsichtsbeh\u00f6rde, der Autoriteit Persoonsgegevens, eine Beschwerde einzureichen. Dies kann \u00fcber den folgenden Link erfolgen: https:\/\/autoriteitpersoonsgegevens.nl\/nl\/contact-met-de-autoriteit-persoonsgegevens\/tip-ons<\/p>\n<p><strong>Wie wir personenbezogene Daten sch\u00fctzen<\/strong><br \/>\n@Sail Yachting nimmt den Schutz Ihrer Daten ernst und ergreift geeignete Ma\u00dfnahmen, um Missbrauch, Verlust, unbefugten Zugriff, unerw\u00fcnschte Offenlegung und unbefugte \u00c4nderungen zu verhindern. Wenn Sie den Eindruck haben, dass Ihre Daten nicht sicher sind oder es Anzeichen f\u00fcr einen Missbrauch gibt, wenden Sie sich bitte an unseren Kundenservice oder an info@sailyachting.nl.<\/p>\n","protected":false},"excerpt":{"rendered":"<p>@Sail Yachting, mit Sitz in der Suderseleane 25a, 8711 GX in Workum, ist verantwortlich f\u00fcr die Verarbeitung der in dieser Datenschutzerkl\u00e4rung beschriebenen personenbezogenen Daten. Kontaktdaten: Home Suderseleane 25a, 8711 GX in Workum +31(0)515542292 Michiel van Kesteren ist der Datenschutzbeauftragte von @Sail Yachting. Sie erreichen ihn unter info@sailyachting.nl. Personenbezogene Daten, die wir verarbeiten @Sail Yachting verarbeitet [&hellip;]<\/p>\n","protected":false},"author":1,"featured_media":0,"parent":0,"menu_order":0,"comment_status":"closed","ping_status":"open","template":"","meta":{"footnotes":""},"class_list":["post-3101","page","type-page","status-publish","hentry"],"_links":{"self":[{"href":"https:\/\/sailyachting.nl\/de\/wp-json\/wp\/v2\/pages\/3101","targetHints":{"allow":["GET"]}}],"collection":[{"href":"https:\/\/sailyachting.nl\/de\/wp-json\/wp\/v2\/pages"}],"about":[{"href":"https:\/\/sailyachting.nl\/de\/wp-json\/wp\/v2\/types\/page"}],"author":[{"embeddable":true,"href":"https:\/\/sailyachting.nl\/de\/wp-json\/wp\/v2\/users\/1"}],"replies":[{"embeddable":true,"href":"https:\/\/sailyachting.nl\/de\/wp-json\/wp\/v2\/comments?post=3101"}],"version-history":[{"count":0,"href":"https:\/\/sailyachting.nl\/de\/wp-json\/wp\/v2\/pages\/3101\/revisions"}],"wp:attachment":[{"href":"https:\/\/sailyachting.nl\/de\/wp-json\/wp\/v2\/media?parent=3101"}],"curies":[{"name":"wp","href":"https:\/\/api.w.org\/{rel}","templated":true}]}}