{"id":2987,"date":"2021-11-09T14:06:18","date_gmt":"2021-11-09T14:06:18","guid":{"rendered":"https:\/\/sailyachting.nl\/wer-sind-wir-2\/"},"modified":"2022-07-12T13:34:38","modified_gmt":"2022-07-12T13:34:38","slug":"wer-sind-wir-2","status":"publish","type":"page","link":"https:\/\/sailyachting.nl\/de\/wer-sind-wir-2\/","title":{"rendered":"Wer sind wir?"},"content":{"rendered":"<p>&nbsp;<\/p>\n<p><strong>@Sail Yachting<\/strong> vermietet luxuri\u00f6se, komfortable und gut gepflegte Schiffe von 30 bis 46 Fu\u00df. Mit einer Flotte von 16 Schiffen k\u00f6nnen wir Ihnen immer ein Schiff anbieten, das Ihren W\u00fcnschen entspricht.<\/p>\n<h2>Service und Komfort<\/h2>\n<p>Wir halten es f\u00fcr wichtig, dass jeder einen Segelurlaub in vollen Z\u00fcgen genie\u00dfen kann. Deshalb bieten wir Ihnen sowohl w\u00e4hrend des Buchungsvorgangs als auch zu Beginn Ihres Urlaubs die n\u00f6tige Unterst\u00fctzung. <strong>Wir sind f\u00fcr Sie da!<\/strong><\/p>\n<p>Wir zeichnen uns dadurch aus, dass wir unseren Schiffen die ganze Liebe geben, die sie verdienen. Zum Beispiel werden unsere Boote jedes Jahr aus dem Wasser genommen, um gereinigt und die Motoren komplett gewartet zu werden. In dem unwahrscheinlichen Fall, dass etwas auf einem Schiff kaputt geht, wird es sofort ersetzt oder repariert.<\/p>\n<h2>Passion f\u00fcr das Segeln<\/h2>\n<p>Im Jahr 2019 hat Michiel van Kesteren @Sail Yachting vom vorherigen Eigent\u00fcmer \u00fcbernommen. Michiel hat ein gro\u00dfes Wissen \u00fcber das Segeln und die Technik von Segelschiffen. Im Jahr 2018 hat Michiel mit seiner Familie 4 Monate lang die Ostsee mit einem Segelschiff entdeckt. Davor war er Inhaber eines Yachthafens und eines Wassersportgesch\u00e4fts.<\/p>\n<p><img fetchpriority=\"high\" decoding=\"async\" class=\"wp-image-2296 alignright\" src=\"https:\/\/sailyachting.nl\/wp-content\/uploads\/2022\/05\/047725c0-5b79-49f7-aab3-df0b23863d2e-600x800.jpg\" alt=\"\" width=\"374\" height=\"499\" srcset=\"https:\/\/sailyachting.nl\/wp-content\/uploads\/2022\/05\/047725c0-5b79-49f7-aab3-df0b23863d2e-600x800.jpg 600w, https:\/\/sailyachting.nl\/wp-content\/uploads\/2022\/05\/047725c0-5b79-49f7-aab3-df0b23863d2e.jpg 768w\" sizes=\"(max-width: 374px) 100vw, 374px\" \/><\/p>\n<h2>Michiel erz\u00e4hlt:<\/h2>\n<p>&#8220;Abgesehen davon, dass Segeln meine eigene Leidenschaft ist, liebe ich es zu sehen, wie andere Menschen sich auf einem unserer Schiffe am\u00fcsieren. Als Kenner der Gegend gebe ich neuen Mietern gerne Tipps und Tricks, um ihren Urlaub noch angenehmer zu gestalten.&#8221;<\/p>\n<p>&nbsp;<\/p>\n","protected":false},"excerpt":{"rendered":"<p>&nbsp; @Sail Yachting vermietet luxuri\u00f6se, komfortable und gut gepflegte Schiffe von 30 bis 46 Fu\u00df. Mit einer Flotte von 16 Schiffen k\u00f6nnen wir Ihnen immer ein Schiff anbieten, das Ihren W\u00fcnschen entspricht. Service und Komfort Wir halten es f\u00fcr wichtig, dass jeder einen Segelurlaub in vollen Z\u00fcgen genie\u00dfen kann. Deshalb bieten wir Ihnen sowohl w\u00e4hrend [&hellip;]<\/p>\n","protected":false},"author":1,"featured_media":1985,"parent":0,"menu_order":0,"comment_status":"closed","ping_status":"closed","template":"","meta":{"footnotes":""},"class_list":["post-2987","page","type-page","status-publish","has-post-thumbnail","hentry"],"_links":{"self":[{"href":"https:\/\/sailyachting.nl\/de\/wp-json\/wp\/v2\/pages\/2987","targetHints":{"allow":["GET"]}}],"collection":[{"href":"https:\/\/sailyachting.nl\/de\/wp-json\/wp\/v2\/pages"}],"about":[{"href":"https:\/\/sailyachting.nl\/de\/wp-json\/wp\/v2\/types\/page"}],"author":[{"embeddable":true,"href":"https:\/\/sailyachting.nl\/de\/wp-json\/wp\/v2\/users\/1"}],"replies":[{"embeddable":true,"href":"https:\/\/sailyachting.nl\/de\/wp-json\/wp\/v2\/comments?post=2987"}],"version-history":[{"count":0,"href":"https:\/\/sailyachting.nl\/de\/wp-json\/wp\/v2\/pages\/2987\/revisions"}],"wp:featuredmedia":[{"embeddable":true,"href":"https:\/\/sailyachting.nl\/de\/wp-json\/wp\/v2\/media\/1985"}],"wp:attachment":[{"href":"https:\/\/sailyachting.nl\/de\/wp-json\/wp\/v2\/media?parent=2987"}],"curies":[{"name":"wp","href":"https:\/\/api.w.org\/{rel}","templated":true}]}}