{"id":2978,"date":"2022-05-09T09:24:26","date_gmt":"2022-05-09T09:24:26","guid":{"rendered":"https:\/\/sailyachting.nl\/reservieren\/succes\/"},"modified":"2022-07-12T13:19:25","modified_gmt":"2022-07-12T13:19:25","slug":"succes","status":"publish","type":"page","link":"https:\/\/sailyachting.nl\/de\/reservieren\/succes\/","title":{"rendered":"Reservierung erfolgreich"},"content":{"rendered":"\t\t<div data-elementor-type=\"wp-page\" data-elementor-id=\"2978\" class=\"elementor elementor-2978 elementor-2102\" data-elementor-post-type=\"page\">\n\t\t\t\t<div class=\"elementor-element elementor-element-1ac8a3c e-flex e-con-boxed e-con e-parent\" data-id=\"1ac8a3c\" data-element_type=\"container\" data-e-type=\"container\">\n\t\t\t\t\t<div class=\"e-con-inner\">\n\t\t\t\t<div class=\"elementor-element elementor-element-af8a28d elementor-widget elementor-widget-text-editor\" data-id=\"af8a28d\" data-element_type=\"widget\" data-e-type=\"widget\" data-widget_type=\"text-editor.default\">\n\t\t\t\t<div class=\"elementor-widget-container\">\n\t\t\t\t\t\t\t\t\t<p>Ihre Buchung ist vollst\u00e4ndig. Wir freuen uns darauf, Sie bei @Sail Yachting zu treffen. Bitte pr\u00fcfen Sie Ihre E-Mail auf die Best\u00e4tigung Ihrer Buchung.<\/p>\t\t\t\t\t\t\t\t<\/div>\n\t\t\t\t<\/div>\n\t\t\t\t<div class=\"elementor-element elementor-element-bbea181 elementor-widget elementor-widget-heading\" data-id=\"bbea181\" data-element_type=\"widget\" data-e-type=\"widget\" data-widget_type=\"heading.default\">\n\t\t\t\t<div class=\"elementor-widget-container\">\n\t\t\t\t\t<h2 class=\"elementor-heading-title elementor-size-default\">Wie geht es weiter?<\/h2>\t\t\t\t<\/div>\n\t\t\t\t<\/div>\n\t\t\t\t<div class=\"elementor-element elementor-element-9fe3843 elementor-widget elementor-widget-text-editor\" data-id=\"9fe3843\" data-element_type=\"widget\" data-e-type=\"widget\" data-widget_type=\"text-editor.default\">\n\t\t\t\t<div class=\"elementor-widget-container\">\n\t\t\t\t\t\t\t\t\t<ol><li>Auf der Seite &#8216;<a href=\"https:\/\/www.sailyachting.nl\/staging\/hulp-bij-het-boeken\/\">Hilfe beim Buchen<\/a>&#8216; finden Sie weitere Informationen und Tipps f\u00fcr einen unbeschwerten Segelt\u00f6rn.<\/li><li>Sie erhalten die Rechnung f\u00fcr Ihre Buchung mit der Post. Diese muss vor Ihrer Ankunft bei @Sail Yachting bezahlt werden. Wenn Ihr Segelt\u00f6rn mehr als einen Monat in der Zukunft liegt, k\u00f6nnen Sie die Rechnung in Teilen bezahlen.<\/li><li>Bei Fragen rufen Sie bitte 0031 515 542 292 an oder senden Sie eine E-Mail an info@sailyachting.nl. Sie k\u00f6nnen auch das <a href=\"https:\/\/www.sailyachting.nl\/staging\/contact\/\">Kontaktformular<\/a> auf der Website verwenden.<\/li><\/ol>\t\t\t\t\t\t\t\t<\/div>\n\t\t\t\t<\/div>\n\t\t\t\t\t<\/div>\n\t\t\t\t<\/div>\n\t\t\t\t<\/div>\n\t\t","protected":false},"excerpt":{"rendered":"","protected":false},"author":1,"featured_media":0,"parent":2754,"menu_order":0,"comment_status":"closed","ping_status":"closed","template":"","meta":{"footnotes":""},"class_list":["post-2978","page","type-page","status-publish","hentry"],"_links":{"self":[{"href":"https:\/\/sailyachting.nl\/de\/wp-json\/wp\/v2\/pages\/2978","targetHints":{"allow":["GET"]}}],"collection":[{"href":"https:\/\/sailyachting.nl\/de\/wp-json\/wp\/v2\/pages"}],"about":[{"href":"https:\/\/sailyachting.nl\/de\/wp-json\/wp\/v2\/types\/page"}],"author":[{"embeddable":true,"href":"https:\/\/sailyachting.nl\/de\/wp-json\/wp\/v2\/users\/1"}],"replies":[{"embeddable":true,"href":"https:\/\/sailyachting.nl\/de\/wp-json\/wp\/v2\/comments?post=2978"}],"version-history":[{"count":0,"href":"https:\/\/sailyachting.nl\/de\/wp-json\/wp\/v2\/pages\/2978\/revisions"}],"up":[{"embeddable":true,"href":"https:\/\/sailyachting.nl\/de\/wp-json\/wp\/v2\/pages\/2754"}],"wp:attachment":[{"href":"https:\/\/sailyachting.nl\/de\/wp-json\/wp\/v2\/media?parent=2978"}],"curies":[{"name":"wp","href":"https:\/\/api.w.org\/{rel}","templated":true}]}}