{"id":2060,"date":"2022-04-04T09:25:41","date_gmt":"2022-04-04T09:25:41","guid":{"rendered":"https:\/\/sy.inwatersport.nl\/home\/"},"modified":"2024-07-02T11:52:09","modified_gmt":"2024-07-02T11:52:09","slug":"home-2","status":"publish","type":"page","link":"https:\/\/sailyachting.nl\/de\/","title":{"rendered":"Homepage"},"content":{"rendered":"\t\t<div data-elementor-type=\"wp-page\" data-elementor-id=\"2060\" class=\"elementor elementor-2060 elementor-1490\" data-elementor-post-type=\"page\">\n\t\t\t\t<div class=\"elementor-element elementor-element-66a92cc e-flex e-con-boxed e-con e-parent\" data-id=\"66a92cc\" data-element_type=\"container\" data-e-type=\"container\">\n\t\t\t\t\t<div class=\"e-con-inner\">\n\t\t\t\t<div class=\"elementor-element elementor-element-421fd2f elementor-widget elementor-widget-template\" data-id=\"421fd2f\" data-element_type=\"widget\" data-e-type=\"widget\" data-widget_type=\"template.default\">\n\t\t\t\t<div class=\"elementor-widget-container\">\n\t\t\t\t\t\t\t<div class=\"elementor-template\">\n\t\t\t\t\t<div data-elementor-type=\"section\" data-elementor-id=\"2949\" class=\"elementor elementor-2949 elementor-1650 elementor-1650\" data-elementor-post-type=\"elementor_library\">\n\t\t\t<header data-dce-background-overlay-color=\"#2222228F\" data-dce-background-image-url=\"https:\/\/sailyachting.nl\/wp-content\/uploads\/2022\/02\/IMG_9478-scaled-e1643734580628.jpg\" class=\"elementor-element elementor-element-b75e296 e-con-full e-flex e-con e-parent\" data-id=\"b75e296\" data-element_type=\"container\" data-e-type=\"container\" data-settings=\"{&quot;background_background&quot;:&quot;classic&quot;}\">\n\t\t<div class=\"elementor-element elementor-element-97aa270 e-con-full e-flex e-con e-child\" data-id=\"97aa270\" data-element_type=\"container\" data-e-type=\"container\">\n\t\t\t\t<div class=\"elementor-element elementor-element-836fbe5 elementor-widget elementor-widget-heading\" data-id=\"836fbe5\" data-element_type=\"widget\" data-e-type=\"widget\" data-widget_type=\"heading.default\">\n\t\t\t\t<div class=\"elementor-widget-container\">\n\t\t\t\t\t<h1 class=\"elementor-heading-title elementor-size-default\">Ihr Segelurlaub startet hier<\/h1>\t\t\t\t<\/div>\n\t\t\t\t<\/div>\n\t\t\t\t<div data-dce-title-color=\"#FFFFFF\" class=\"elementor-element elementor-element-f366adc elementor-widget elementor-widget-heading\" data-id=\"f366adc\" data-element_type=\"widget\" data-e-type=\"widget\" data-widget_type=\"heading.default\">\n\t\t\t\t<div class=\"elementor-widget-container\">\n\t\t\t\t\t<h3 class=\"elementor-heading-title elementor-size-default\">Direkte Fahrt auf dem IJsselmeer und innerhalb von 2 Stunden auf dem Wattenmeer<\/h3>\t\t\t\t<\/div>\n\t\t\t\t<\/div>\n\t\t\t\t<\/div>\n\t\t\t\t<\/header>\n\t\t\t\t<\/div>\n\t\t\t\t<\/div>\n\t\t\t\t\t\t<\/div>\n\t\t\t\t<\/div>\n\t\t\t\t\t<\/div>\n\t\t\t\t<\/div>\n\t\t<section class=\"elementor-element elementor-element-91cee76 e-flex e-con-boxed e-con e-parent\" data-id=\"91cee76\" data-element_type=\"container\" data-e-type=\"container\">\n\t\t\t\t\t<div class=\"e-con-inner\">\n\t\t\t\t<div class=\"elementor-element elementor-element-63e389f elementor-widget elementor-widget-heading\" data-id=\"63e389f\" data-element_type=\"widget\" data-e-type=\"widget\" data-widget_type=\"heading.default\">\n\t\t\t\t<div class=\"elementor-widget-container\">\n\t\t\t\t\t<h2 class=\"elementor-heading-title elementor-size-default\">Willkommen bei @Sail Yachting.<\/h2>\t\t\t\t<\/div>\n\t\t\t\t<\/div>\n\t\t\t\t<div class=\"elementor-element elementor-element-ff392f3 elementor-widget elementor-widget-template\" data-id=\"ff392f3\" data-element_type=\"widget\" data-e-type=\"widget\" data-widget_type=\"template.default\">\n\t\t\t\t<div class=\"elementor-widget-container\">\n\t\t\t\t\t\t\t<div class=\"elementor-template\">\n\t\t\t\t\t<div data-elementor-type=\"section\" data-elementor-id=\"2946\" class=\"elementor elementor-2946 elementor-1662 elementor-1662\" data-elementor-post-type=\"elementor_library\">\n\t\t\t<div class=\"elementor-element elementor-element-5d94653 e-con-full e-flex e-con e-parent\" data-id=\"5d94653\" data-element_type=\"container\" data-e-type=\"container\">\n\t\t<div class=\"elementor-element elementor-element-818fe84 e-con-full e-flex e-con e-parent\" data-id=\"818fe84\" data-element_type=\"container\" data-e-type=\"container\">\n\t\t<a class=\"elementor-element elementor-element-40755f2 e-con-full e-flex e-con e-parent\" data-id=\"40755f2\" data-element_type=\"container\" data-e-type=\"container\" data-settings=\"{&quot;background_background&quot;:&quot;classic&quot;}\" href=\"https:\/\/sailyachting.nl\/de\/segelboot-mieten\/\">\n\t\t\t\t<div class=\"elementor-element elementor-element-5aa52a1 elementor-widget elementor-widget-image\" data-id=\"5aa52a1\" data-element_type=\"widget\" data-e-type=\"widget\" data-widget_type=\"image.default\">\n\t\t\t\t<div class=\"elementor-widget-container\">\n\t\t\t\t\t\t\t\t\t\t\t\t\t\t\t<img fetchpriority=\"high\" decoding=\"async\" width=\"800\" height=\"494\" src=\"https:\/\/sailyachting.nl\/wp-content\/uploads\/2022\/05\/200601_BAV_C42_DSC_5019-1500x927.jpg\" class=\"attachment-large size-large wp-image-2083\" alt=\"\" srcset=\"https:\/\/sailyachting.nl\/wp-content\/uploads\/2022\/05\/200601_BAV_C42_DSC_5019-1500x927.jpg 1500w, https:\/\/sailyachting.nl\/wp-content\/uploads\/2022\/05\/200601_BAV_C42_DSC_5019-800x495.jpg 800w, https:\/\/sailyachting.nl\/wp-content\/uploads\/2022\/05\/200601_BAV_C42_DSC_5019-768x475.jpg 768w, https:\/\/sailyachting.nl\/wp-content\/uploads\/2022\/05\/200601_BAV_C42_DSC_5019-1536x950.jpg 1536w, https:\/\/sailyachting.nl\/wp-content\/uploads\/2022\/05\/200601_BAV_C42_DSC_5019-2048x1266.jpg 2048w\" sizes=\"(max-width: 800px) 100vw, 800px\" \/>\t\t\t\t\t\t\t\t\t\t\t\t\t\t\t<\/div>\n\t\t\t\t<\/div>\n\t\t<div class=\"elementor-element elementor-element-0df4a58 e-flex e-con-boxed e-con e-parent\" data-id=\"0df4a58\" data-element_type=\"container\" data-e-type=\"container\">\n\t\t\t\t\t<div class=\"e-con-inner\">\n\t\t\t\t<div data-dce-title-color=\"#222222\" class=\"elementor-element elementor-element-cc9365f elementor-widget elementor-widget-heading\" data-id=\"cc9365f\" data-element_type=\"widget\" data-e-type=\"widget\" data-widget_type=\"heading.default\">\n\t\t\t\t<div class=\"elementor-widget-container\">\n\t\t\t\t\t<h2 class=\"elementor-heading-title elementor-size-default\">Suchen und Buchen<\/h2>\t\t\t\t<\/div>\n\t\t\t\t<\/div>\n\t\t\t\t\t<\/div>\n\t\t\t\t<\/div>\n\t\t\t\t<\/a>\n\t\t\t\t<div class=\"elementor-element elementor-element-330d6ce elementor-widget elementor-widget-jet-listing-grid\" data-id=\"330d6ce\" data-element_type=\"widget\" data-e-type=\"widget\" data-settings=\"{&quot;columns&quot;:&quot;3&quot;,&quot;columns_tablet&quot;:&quot;3&quot;,&quot;columns_mobile&quot;:&quot;1&quot;}\" data-widget_type=\"jet-listing-grid.default\">\n\t\t\t\t<div class=\"elementor-widget-container\">\n\t\t\t\t\t<div class=\"jet-listing-grid jet-listing\"><div class=\"jet-listing-grid__items grid-col-desk-3 grid-col-tablet-3 grid-col-mobile-1 jet-listing-grid--488\" data-queried-id=\"2060|WP_Post\" data-nav=\"{&quot;enabled&quot;:false,&quot;type&quot;:null,&quot;more_el&quot;:null,&quot;query&quot;:[],&quot;widget_settings&quot;:{&quot;lisitng_id&quot;:488,&quot;posts_num&quot;:3,&quot;columns&quot;:3,&quot;columns_tablet&quot;:3,&quot;columns_mobile&quot;:1,&quot;column_min_width&quot;:240,&quot;column_min_width_tablet&quot;:240,&quot;column_min_width_mobile&quot;:240,&quot;inline_columns_css&quot;:false,&quot;is_archive_template&quot;:&quot;&quot;,&quot;post_status&quot;:[&quot;publish&quot;],&quot;use_random_posts_num&quot;:&quot;&quot;,&quot;max_posts_num&quot;:9,&quot;not_found_message&quot;:&quot;Es wurden keine Daten gefunden&quot;,&quot;is_masonry&quot;:false,&quot;equal_columns_height&quot;:&quot;&quot;,&quot;use_load_more&quot;:&quot;&quot;,&quot;load_more_id&quot;:&quot;&quot;,&quot;load_more_type&quot;:&quot;click&quot;,&quot;load_more_offset&quot;:{&quot;unit&quot;:&quot;px&quot;,&quot;size&quot;:0,&quot;sizes&quot;:[]},&quot;use_custom_post_types&quot;:&quot;&quot;,&quot;custom_post_types&quot;:[],&quot;hide_widget_if&quot;:&quot;&quot;,&quot;carousel_enabled&quot;:&quot;&quot;,&quot;slides_to_scroll&quot;:&quot;1&quot;,&quot;arrows&quot;:&quot;true&quot;,&quot;arrow_icon&quot;:&quot;fa fa-angle-left&quot;,&quot;dots&quot;:&quot;&quot;,&quot;autoplay&quot;:&quot;true&quot;,&quot;pause_on_hover&quot;:&quot;true&quot;,&quot;autoplay_speed&quot;:5000,&quot;infinite&quot;:&quot;true&quot;,&quot;center_mode&quot;:&quot;&quot;,&quot;effect&quot;:&quot;slide&quot;,&quot;speed&quot;:500,&quot;inject_alternative_items&quot;:&quot;&quot;,&quot;injection_items&quot;:[],&quot;scroll_slider_enabled&quot;:&quot;&quot;,&quot;scroll_slider_on&quot;:[&quot;desktop&quot;,&quot;tablet&quot;,&quot;mobile&quot;],&quot;custom_query&quot;:false,&quot;custom_query_id&quot;:&quot;&quot;,&quot;_element_id&quot;:&quot;&quot;,&quot;collapse_first_last_gap&quot;:false,&quot;list_tag_selection&quot;:&quot;&quot;,&quot;list_items_wrapper_tag&quot;:&quot;div&quot;,&quot;list_item_tag&quot;:&quot;div&quot;,&quot;empty_items_wrapper_tag&quot;:&quot;div&quot;}}\" data-page=\"1\" data-pages=\"1\" data-listing-source=\"posts\" data-listing-id=\"488\" data-query-id=\"\"><div class=\"jet-listing-grid__item jet-listing-dynamic-post-2582\" data-post-id=\"2582\"  ><div class=\"jet-engine-listing-overlay-wrap\" data-url=\"https:\/\/sailyachting.nl\/de\/entdecken-sie-workum\/\">\t\t<div data-elementor-type=\"jet-listing-items\" data-elementor-id=\"2925\" class=\"elementor elementor-2925 elementor-488 elementor-488 elementor-488\" data-elementor-post-type=\"jet-engine\">\n\t\t\t\t\t\t<section class=\"elementor-section elementor-top-section elementor-element elementor-element-e0a3e53 elementor-section-content-space-between elementor-section-boxed elementor-section-height-default elementor-section-height-default\" data-id=\"e0a3e53\" data-element_type=\"section\" data-e-type=\"section\">\n\t\t\t\t\t\t<div class=\"elementor-container elementor-column-gap-default\">\n\t\t\t\t\t<div class=\"elementor-column elementor-col-100 elementor-top-column elementor-element elementor-element-0964f06 sy-divshadow\" data-id=\"0964f06\" data-element_type=\"column\" data-e-type=\"column\">\n\t\t\t<div class=\"elementor-widget-wrap elementor-element-populated\">\n\t\t\t\t\t\t<div class=\"elementor-element elementor-element-20e6359 elementor-widget elementor-widget-image\" data-id=\"20e6359\" data-element_type=\"widget\" data-e-type=\"widget\" data-widget_type=\"image.default\">\n\t\t\t\t<div class=\"elementor-widget-container\">\n\t\t\t\t\t\t\t\t\t\t\t\t\t\t\t<img decoding=\"async\" width=\"768\" height=\"439\" src=\"https:\/\/sailyachting.nl\/wp-content\/uploads\/2022\/04\/workum-grote-kerk-haven-2021-768x439.jpeg\" class=\"attachment-medium_large size-medium_large wp-image-1990\" alt=\"\" srcset=\"https:\/\/sailyachting.nl\/wp-content\/uploads\/2022\/04\/workum-grote-kerk-haven-2021-768x439.jpeg 768w, https:\/\/sailyachting.nl\/wp-content\/uploads\/2022\/04\/workum-grote-kerk-haven-2021-800x457.jpeg 800w, https:\/\/sailyachting.nl\/wp-content\/uploads\/2022\/04\/workum-grote-kerk-haven-2021-1500x857.jpeg 1500w, https:\/\/sailyachting.nl\/wp-content\/uploads\/2022\/04\/workum-grote-kerk-haven-2021-1536x878.jpeg 1536w, https:\/\/sailyachting.nl\/wp-content\/uploads\/2022\/04\/workum-grote-kerk-haven-2021.jpeg 1920w\" sizes=\"(max-width: 768px) 100vw, 768px\" \/>\t\t\t\t\t\t\t\t\t\t\t\t\t\t\t<\/div>\n\t\t\t\t<\/div>\n\t\t\t\t<section class=\"elementor-section elementor-inner-section elementor-element elementor-element-6c7df68 elementor-section-boxed elementor-section-height-default elementor-section-height-default\" data-id=\"6c7df68\" data-element_type=\"section\" data-e-type=\"section\">\n\t\t\t\t\t\t<div class=\"elementor-container elementor-column-gap-default\">\n\t\t\t\t\t<div class=\"elementor-column elementor-col-100 elementor-inner-column elementor-element elementor-element-a5e77bd\" data-id=\"a5e77bd\" data-element_type=\"column\" data-e-type=\"column\">\n\t\t\t<div class=\"elementor-widget-wrap elementor-element-populated\">\n\t\t\t\t\t\t<div class=\"elementor-element elementor-element-9cdf10a elementor-widget elementor-widget-heading\" data-id=\"9cdf10a\" data-element_type=\"widget\" data-e-type=\"widget\" data-widget_type=\"heading.default\">\n\t\t\t\t<div class=\"elementor-widget-container\">\n\t\t\t\t\t<h2 class=\"elementor-heading-title elementor-size-default\">Entdecken Sie Workum<\/h2>\t\t\t\t<\/div>\n\t\t\t\t<\/div>\n\t\t\t\t\t<\/div>\n\t\t<\/div>\n\t\t\t\t\t<\/div>\n\t\t<\/section>\n\t\t\t\t\t<\/div>\n\t\t<\/div>\n\t\t\t\t\t<\/div>\n\t\t<\/section>\n\t\t\t\t<\/div>\n\t\t<a href=\"https:\/\/sailyachting.nl\/de\/entdecken-sie-workum\/\" class=\"jet-engine-listing-overlay-link\"><\/a><\/div><\/div><div class=\"jet-listing-grid__item jet-listing-dynamic-post-2987\" data-post-id=\"2987\"  ><div class=\"jet-engine-listing-overlay-wrap\" data-url=\"https:\/\/sailyachting.nl\/de\/wer-sind-wir-2\/\">\t\t<div data-elementor-type=\"jet-listing-items\" data-elementor-id=\"2925\" class=\"elementor elementor-2925 elementor-488 elementor-488 elementor-488\" data-elementor-post-type=\"jet-engine\">\n\t\t\t\t\t\t<section class=\"elementor-section elementor-top-section elementor-element elementor-element-e0a3e53 elementor-section-content-space-between elementor-section-boxed elementor-section-height-default elementor-section-height-default\" data-id=\"e0a3e53\" data-element_type=\"section\" data-e-type=\"section\">\n\t\t\t\t\t\t<div class=\"elementor-container elementor-column-gap-default\">\n\t\t\t\t\t<div class=\"elementor-column elementor-col-100 elementor-top-column elementor-element elementor-element-0964f06 sy-divshadow\" data-id=\"0964f06\" data-element_type=\"column\" data-e-type=\"column\">\n\t\t\t<div class=\"elementor-widget-wrap elementor-element-populated\">\n\t\t\t\t\t\t<div class=\"elementor-element elementor-element-20e6359 elementor-widget elementor-widget-image\" data-id=\"20e6359\" data-element_type=\"widget\" data-e-type=\"widget\" data-widget_type=\"image.default\">\n\t\t\t\t<div class=\"elementor-widget-container\">\n\t\t\t\t\t\t\t\t\t\t\t\t\t\t\t<img decoding=\"async\" width=\"768\" height=\"520\" src=\"https:\/\/sailyachting.nl\/wp-content\/uploads\/2022\/02\/IMG_9478-scaled-e1643734580628-768x520.jpg\" class=\"attachment-medium_large size-medium_large wp-image-1985\" alt=\"\" srcset=\"https:\/\/sailyachting.nl\/wp-content\/uploads\/2022\/02\/IMG_9478-scaled-e1643734580628-768x520.jpg 768w, https:\/\/sailyachting.nl\/wp-content\/uploads\/2022\/02\/IMG_9478-scaled-e1643734580628-800x542.jpg 800w, https:\/\/sailyachting.nl\/wp-content\/uploads\/2022\/02\/IMG_9478-scaled-e1643734580628-1500x1016.jpg 1500w, https:\/\/sailyachting.nl\/wp-content\/uploads\/2022\/02\/IMG_9478-scaled-e1643734580628-1536x1041.jpg 1536w, https:\/\/sailyachting.nl\/wp-content\/uploads\/2022\/02\/IMG_9478-scaled-e1643734580628-2048x1388.jpg 2048w\" sizes=\"(max-width: 768px) 100vw, 768px\" \/>\t\t\t\t\t\t\t\t\t\t\t\t\t\t\t<\/div>\n\t\t\t\t<\/div>\n\t\t\t\t<section class=\"elementor-section elementor-inner-section elementor-element elementor-element-6c7df68 elementor-section-boxed elementor-section-height-default elementor-section-height-default\" data-id=\"6c7df68\" data-element_type=\"section\" data-e-type=\"section\">\n\t\t\t\t\t\t<div class=\"elementor-container elementor-column-gap-default\">\n\t\t\t\t\t<div class=\"elementor-column elementor-col-100 elementor-inner-column elementor-element elementor-element-a5e77bd\" data-id=\"a5e77bd\" data-element_type=\"column\" data-e-type=\"column\">\n\t\t\t<div class=\"elementor-widget-wrap elementor-element-populated\">\n\t\t\t\t\t\t<div class=\"elementor-element elementor-element-9cdf10a elementor-widget elementor-widget-heading\" data-id=\"9cdf10a\" data-element_type=\"widget\" data-e-type=\"widget\" data-widget_type=\"heading.default\">\n\t\t\t\t<div class=\"elementor-widget-container\">\n\t\t\t\t\t<h2 class=\"elementor-heading-title elementor-size-default\">Wer sind wir?<\/h2>\t\t\t\t<\/div>\n\t\t\t\t<\/div>\n\t\t\t\t\t<\/div>\n\t\t<\/div>\n\t\t\t\t\t<\/div>\n\t\t<\/section>\n\t\t\t\t\t<\/div>\n\t\t<\/div>\n\t\t\t\t\t<\/div>\n\t\t<\/section>\n\t\t\t\t<\/div>\n\t\t<a href=\"https:\/\/sailyachting.nl\/de\/wer-sind-wir-2\/\" class=\"jet-engine-listing-overlay-link\"><\/a><\/div><\/div><div class=\"jet-listing-grid__item jet-listing-dynamic-post-3251\" data-post-id=\"3251\"  ><div class=\"jet-engine-listing-overlay-wrap\" data-url=\"https:\/\/sailyachting.nl\/de\/ihr-segelboot-vermieten\/\">\t\t<div data-elementor-type=\"jet-listing-items\" data-elementor-id=\"2925\" class=\"elementor elementor-2925 elementor-488 elementor-488 elementor-488\" data-elementor-post-type=\"jet-engine\">\n\t\t\t\t\t\t<section class=\"elementor-section elementor-top-section elementor-element elementor-element-e0a3e53 elementor-section-content-space-between elementor-section-boxed elementor-section-height-default elementor-section-height-default\" data-id=\"e0a3e53\" data-element_type=\"section\" data-e-type=\"section\">\n\t\t\t\t\t\t<div class=\"elementor-container elementor-column-gap-default\">\n\t\t\t\t\t<div class=\"elementor-column elementor-col-100 elementor-top-column elementor-element elementor-element-0964f06 sy-divshadow\" data-id=\"0964f06\" data-element_type=\"column\" data-e-type=\"column\">\n\t\t\t<div class=\"elementor-widget-wrap elementor-element-populated\">\n\t\t\t\t\t\t<div class=\"elementor-element elementor-element-20e6359 elementor-widget elementor-widget-image\" data-id=\"20e6359\" data-element_type=\"widget\" data-e-type=\"widget\" data-widget_type=\"image.default\">\n\t\t\t\t<div class=\"elementor-widget-container\">\n\t\t\t\t\t\t\t\t\t\t\t\t\t\t\t<img loading=\"lazy\" decoding=\"async\" width=\"768\" height=\"556\" src=\"https:\/\/sailyachting.nl\/wp-content\/uploads\/2023\/12\/29-768x556.webp\" class=\"attachment-medium_large size-medium_large wp-image-3578\" alt=\"\" srcset=\"https:\/\/sailyachting.nl\/wp-content\/uploads\/2023\/12\/29-768x556.webp 768w, https:\/\/sailyachting.nl\/wp-content\/uploads\/2023\/12\/29-800x579.webp 800w, https:\/\/sailyachting.nl\/wp-content\/uploads\/2023\/12\/29-1500x1086.webp 1500w, https:\/\/sailyachting.nl\/wp-content\/uploads\/2023\/12\/29-1536x1112.webp 1536w, https:\/\/sailyachting.nl\/wp-content\/uploads\/2023\/12\/29.webp 1982w\" sizes=\"(max-width: 768px) 100vw, 768px\" \/>\t\t\t\t\t\t\t\t\t\t\t\t\t\t\t<\/div>\n\t\t\t\t<\/div>\n\t\t\t\t<section class=\"elementor-section elementor-inner-section elementor-element elementor-element-6c7df68 elementor-section-boxed elementor-section-height-default elementor-section-height-default\" data-id=\"6c7df68\" data-element_type=\"section\" data-e-type=\"section\">\n\t\t\t\t\t\t<div class=\"elementor-container elementor-column-gap-default\">\n\t\t\t\t\t<div class=\"elementor-column elementor-col-100 elementor-inner-column elementor-element elementor-element-a5e77bd\" data-id=\"a5e77bd\" data-element_type=\"column\" data-e-type=\"column\">\n\t\t\t<div class=\"elementor-widget-wrap elementor-element-populated\">\n\t\t\t\t\t\t<div class=\"elementor-element elementor-element-9cdf10a elementor-widget elementor-widget-heading\" data-id=\"9cdf10a\" data-element_type=\"widget\" data-e-type=\"widget\" data-widget_type=\"heading.default\">\n\t\t\t\t<div class=\"elementor-widget-container\">\n\t\t\t\t\t<h2 class=\"elementor-heading-title elementor-size-default\">Ihr Segelboot vermieten?<\/h2>\t\t\t\t<\/div>\n\t\t\t\t<\/div>\n\t\t\t\t\t<\/div>\n\t\t<\/div>\n\t\t\t\t\t<\/div>\n\t\t<\/section>\n\t\t\t\t\t<\/div>\n\t\t<\/div>\n\t\t\t\t\t<\/div>\n\t\t<\/section>\n\t\t\t\t<\/div>\n\t\t<a href=\"https:\/\/sailyachting.nl\/de\/ihr-segelboot-vermieten\/\" class=\"jet-engine-listing-overlay-link\"><\/a><\/div><\/div><\/div><\/div>\t\t\t\t<\/div>\n\t\t\t\t<\/div>\n\t\t\t\t<\/div>\n\t\t\t\t<\/div>\n\t\t\t\t<\/div>\n\t\t\t\t<\/div>\n\t\t\t\t\t\t<\/div>\n\t\t\t\t<\/div>\n\t\t\t\t\t<\/div>\n\t\t\t\t<\/section>\n\t\t<section class=\"elementor-element elementor-element-91d508c e-flex e-con-boxed e-con e-parent\" data-id=\"91d508c\" data-element_type=\"container\" data-e-type=\"container\">\n\t\t\t\t\t<div class=\"e-con-inner\">\n\t\t\t\t<div class=\"elementor-element elementor-element-76b2d38 elementor-widget elementor-widget-heading\" data-id=\"76b2d38\" data-element_type=\"widget\" data-e-type=\"widget\" data-widget_type=\"heading.default\">\n\t\t\t\t<div class=\"elementor-widget-container\">\n\t\t\t\t\t<h2 class=\"elementor-heading-title elementor-size-default\">Bitte pr\u00fcfen Sie die Verf\u00fcgbarkeit und Buchen Sie direkt.<\/h2>\t\t\t\t<\/div>\n\t\t\t\t<\/div>\n\t\t\t\t<div class=\"elementor-element elementor-element-9a47363 elementor-widget elementor-widget-text-editor\" data-id=\"9a47363\" data-element_type=\"widget\" data-e-type=\"widget\" data-widget_type=\"text-editor.default\">\n\t\t\t\t<div class=\"elementor-widget-container\">\n\t\t\t\t\t\t\t\t\t<p>Ben\u00f6tigen Sie Hilfe bei der Buchung?<\/p>\t\t\t\t\t\t\t\t<\/div>\n\t\t\t\t<\/div>\n\t\t\t\t<div class=\"elementor-element elementor-element-cd4aa54 elementor-widget-mobile__width-inherit elementor-widget elementor-widget-shortcode\" data-id=\"cd4aa54\" data-element_type=\"widget\" data-e-type=\"widget\" id=\"beschikbaarheid\" data-widget_type=\"shortcode.default\">\n\t\t\t\t<div class=\"elementor-widget-container\">\n\t\t\t\t\t<div class=\"tommy-matrix\" \n\t\t\t\tdata-api-key=\"Sailyachting:c344fdf40e328b7856fdbd48d0681979b5411287856b9926c41d6ddfe5765374\" \n\t\t\t\tdata-language=\"de\" \n\t\t\t\tdata-accommodation-group=\"5071\" \n\t\t\t\tdata-sales-channel=\"11800\" \n\t\t\t\tdata-duration-type=\"periods\" \n    \t\t\tdata-filters=\"month,persons,durations\"\n\t\t\t\tdata-durations=\"weekfrfr,2weeksfrfr,weekmomo,2weeksmomo,weekendweek,weekend\"\n\t\t\t    data-booking-url=\"https:\/\/sailyachting.nl\/reserveren\/\"\n  \t\t\t\tdata-calendar=\"true\">\n\t\t\t<\/div><script async src=\"https:\/\/www.tommybookingsupport.com\/widget\/js\/tommy.matrix.js\"\n        type=\"application\/javascript\" language=\"javascript\"><\/script>\t\t<div class=\"elementor-shortcode\"><\/div>\n\t\t\t\t\t\t<\/div>\n\t\t\t\t<\/div>\n\t\t\t\t\t<\/div>\n\t\t\t\t<\/section>\n\t\t\t\t<\/div>\n\t\t","protected":false},"excerpt":{"rendered":"<p>Willkommen bei @Sail Yachting. Bitte pr\u00fcfen Sie die Verf\u00fcgbarkeit und Buchen Sie direkt. Ben\u00f6tigen Sie Hilfe bei der Buchung?<\/p>\n","protected":false},"author":1,"featured_media":0,"parent":0,"menu_order":0,"comment_status":"closed","ping_status":"closed","template":"elementor_header_footer","meta":{"footnotes":""},"class_list":["post-2060","page","type-page","status-publish","hentry"],"_links":{"self":[{"href":"https:\/\/sailyachting.nl\/de\/wp-json\/wp\/v2\/pages\/2060","targetHints":{"allow":["GET"]}}],"collection":[{"href":"https:\/\/sailyachting.nl\/de\/wp-json\/wp\/v2\/pages"}],"about":[{"href":"https:\/\/sailyachting.nl\/de\/wp-json\/wp\/v2\/types\/page"}],"author":[{"embeddable":true,"href":"https:\/\/sailyachting.nl\/de\/wp-json\/wp\/v2\/users\/1"}],"replies":[{"embeddable":true,"href":"https:\/\/sailyachting.nl\/de\/wp-json\/wp\/v2\/comments?post=2060"}],"version-history":[{"count":25,"href":"https:\/\/sailyachting.nl\/de\/wp-json\/wp\/v2\/pages\/2060\/revisions"}],"predecessor-version":[{"id":3708,"href":"https:\/\/sailyachting.nl\/de\/wp-json\/wp\/v2\/pages\/2060\/revisions\/3708"}],"wp:attachment":[{"href":"https:\/\/sailyachting.nl\/de\/wp-json\/wp\/v2\/media?parent=2060"}],"curies":[{"name":"wp","href":"https:\/\/api.w.org\/{rel}","templated":true}]}}